{"id":132,"date":"2019-01-10T16:59:19","date_gmt":"2019-01-10T15:59:19","guid":{"rendered":"https:\/\/www.hotel-dahme.de\/?page_id=132"},"modified":"2024-08-08T10:47:51","modified_gmt":"2024-08-08T08:47:51","slug":"bicycle-motorbike-tours","status":"publish","type":"page","link":"https:\/\/hotel-dahme.de\/en\/bicycle-motorbike-tours\/","title":{"rendered":"Bicycle and motorbike tours"},"content":{"rendered":"\t\t<div data-elementor-type=\"wp-post\" data-elementor-id=\"132\" class=\"elementor elementor-132 elementor-76\">\n\t\t\t\t\t\t<section class=\"elementor-section elementor-top-section elementor-element elementor-element-5db85a2 elementor-section-stretched elementor-section-boxed elementor-section-height-default elementor-section-height-default\" data-id=\"5db85a2\" data-element_type=\"section\" data-e-type=\"section\" data-settings=\"{&quot;stretch_section&quot;:&quot;section-stretched&quot;}\">\n\t\t\t\t\t\t<div class=\"elementor-container elementor-column-gap-default\">\n\t\t\t\t\t<div class=\"elementor-column elementor-col-100 elementor-top-column elementor-element elementor-element-383eebe\" data-id=\"383eebe\" data-element_type=\"column\" data-e-type=\"column\">\n\t\t\t<div class=\"elementor-widget-wrap elementor-element-populated\">\n\t\t\t\t\t\t<div class=\"elementor-element elementor-element-996a27f elementor-widget elementor-widget-shortcode\" data-id=\"996a27f\" data-element_type=\"widget\" data-e-type=\"widget\" data-widget_type=\"shortcode.default\">\n\t\t\t\t<div class=\"elementor-widget-container\">\n\t\t\t\t\t\t\t<div class=\"elementor-shortcode\"><\/div>\n\t\t\t\t\t\t<\/div>\n\t\t\t\t<\/div>\n\t\t\t\t\t<\/div>\n\t\t<\/div>\n\t\t\t\t\t<\/div>\n\t\t<\/section>\n\t\t\t\t<section class=\"elementor-section elementor-top-section elementor-element elementor-element-acfae04 elementor-section-stretched elementor-section-boxed elementor-section-height-default elementor-section-height-default\" data-id=\"acfae04\" data-element_type=\"section\" data-e-type=\"section\" data-settings=\"{&quot;stretch_section&quot;:&quot;section-stretched&quot;}\">\n\t\t\t\t\t\t<div class=\"elementor-container elementor-column-gap-default\">\n\t\t\t\t\t<div class=\"elementor-column elementor-col-50 elementor-top-column elementor-element elementor-element-dc742f8\" data-id=\"dc742f8\" data-element_type=\"column\" data-e-type=\"column\">\n\t\t\t<div class=\"elementor-widget-wrap elementor-element-populated\">\n\t\t\t\t\t\t<div class=\"elementor-element elementor-element-a372f9a elementor-widget elementor-widget-text-editor\" data-id=\"a372f9a\" data-element_type=\"widget\" data-e-type=\"widget\" data-widget_type=\"text-editor.default\">\n\t\t\t\t<div class=\"elementor-widget-container\">\n\t\t\t\t\t\t\t\t\t<h1>Bicycle and motorbike tours<\/h1>\n<p>Do you love travelling on lonely roads or paths along green meadows or fragrant fields?<\/p>\n<p>Ride through picturesque small towns, typical Flemish villages and stop off at quiet lakes or small, lively market squares. Relax and unwind or visit the numerous sights in the surrounding area.<\/p>\n<p>The Fl\u00e4ming Skate runs right past the hotel and is perfect for cycling, inline skating and running enthusiasts to explore the area or the city centre itself.<\/p>\n<p>Wheelchair users also benefit from the accessibility of the town of Dahme and the famous Fl\u00e4ming Skate.<\/p>\t\t\t\t\t\t\t\t<\/div>\n\t\t\t\t<\/div>\n\t\t\t\t\t<\/div>\n\t\t<\/div>\n\t\t\t\t<div class=\"elementor-column elementor-col-50 elementor-top-column elementor-element elementor-element-0ece483\" data-id=\"0ece483\" data-element_type=\"column\" data-e-type=\"column\">\n\t\t\t<div class=\"elementor-widget-wrap elementor-element-populated\">\n\t\t\t\t\t\t<div class=\"elementor-element elementor-element-97ca6fa elementor-widget elementor-widget-image\" data-id=\"97ca6fa\" data-element_type=\"widget\" data-e-type=\"widget\" data-widget_type=\"image.default\">\n\t\t\t\t<div class=\"elementor-widget-container\">\n\t\t\t\t\t\t\t\t\t\t\t\t\t\t\t<img fetchpriority=\"high\" decoding=\"async\" width=\"744\" height=\"496\" src=\"https:\/\/hotel-dahme.de\/wp-content\/uploads\/2024\/06\/Hotel-Dahme-Motorrrad5-1024x683.jpg\" class=\"attachment-large size-large wp-image-1359\" alt=\"Hotel Dahme Motorrrad5\" srcset=\"https:\/\/hotel-dahme.de\/wp-content\/uploads\/2024\/06\/Hotel-Dahme-Motorrrad5-1024x683.jpg 1024w, https:\/\/hotel-dahme.de\/wp-content\/uploads\/2024\/06\/Hotel-Dahme-Motorrrad5-300x200.jpg 300w, https:\/\/hotel-dahme.de\/wp-content\/uploads\/2024\/06\/Hotel-Dahme-Motorrrad5-768x512.jpg 768w, https:\/\/hotel-dahme.de\/wp-content\/uploads\/2024\/06\/Hotel-Dahme-Motorrrad5-1536x1025.jpg 1536w, https:\/\/hotel-dahme.de\/wp-content\/uploads\/2024\/06\/Hotel-Dahme-Motorrrad5.jpg 2000w\" sizes=\"(max-width: 744px) 100vw, 744px\" \/>\t\t\t\t\t\t\t\t\t\t\t\t\t\t\t<\/div>\n\t\t\t\t<\/div>\n\t\t\t\t\t<\/div>\n\t\t<\/div>\n\t\t\t\t\t<\/div>\n\t\t<\/section>\n\t\t\t\t<section class=\"elementor-section elementor-top-section elementor-element elementor-element-9cbc877 elementor-section-stretched elementor-section-boxed elementor-section-height-default elementor-section-height-default\" data-id=\"9cbc877\" data-element_type=\"section\" data-e-type=\"section\" data-settings=\"{&quot;stretch_section&quot;:&quot;section-stretched&quot;}\">\n\t\t\t\t\t\t<div class=\"elementor-container elementor-column-gap-default\">\n\t\t\t\t\t<div class=\"elementor-column elementor-col-33 elementor-top-column elementor-element elementor-element-ce4a259\" data-id=\"ce4a259\" data-element_type=\"column\" data-e-type=\"column\">\n\t\t\t<div class=\"elementor-widget-wrap elementor-element-populated\">\n\t\t\t\t\t\t<div class=\"elementor-element elementor-element-5e1d64f elementor-align-center elementor-widget elementor-widget-button\" data-id=\"5e1d64f\" data-element_type=\"widget\" data-e-type=\"widget\" data-widget_type=\"button.default\">\n\t\t\t\t<div class=\"elementor-widget-container\">\n\t\t\t\t\t\t\t\t\t<div class=\"elementor-button-wrapper\">\n\t\t\t\t\t<a class=\"elementor-button elementor-button-link elementor-size-sm\" href=\"https:\/\/hotel-dahme.de\/en\/rooms-prices\/\">\n\t\t\t\t\t\t<span class=\"elementor-button-content-wrapper\">\n\t\t\t\t\t\t\t\t\t<span class=\"elementor-button-text\">Room types and prices<\/span>\n\t\t\t\t\t<\/span>\n\t\t\t\t\t<\/a>\n\t\t\t\t<\/div>\n\t\t\t\t\t\t\t\t<\/div>\n\t\t\t\t<\/div>\n\t\t\t\t\t<\/div>\n\t\t<\/div>\n\t\t\t\t<div class=\"elementor-column elementor-col-33 elementor-top-column elementor-element elementor-element-42abb74\" data-id=\"42abb74\" data-element_type=\"column\" data-e-type=\"column\">\n\t\t\t<div class=\"elementor-widget-wrap elementor-element-populated\">\n\t\t\t\t\t\t<div class=\"elementor-element elementor-element-c553c7b elementor-align-center elementor-widget elementor-widget-button\" data-id=\"c553c7b\" data-element_type=\"widget\" data-e-type=\"widget\" data-widget_type=\"button.default\">\n\t\t\t\t<div class=\"elementor-widget-container\">\n\t\t\t\t\t\t\t\t\t<div class=\"elementor-button-wrapper\">\n\t\t\t\t\t<a class=\"elementor-button elementor-button-link elementor-size-sm\" href=\"https:\/\/hotel-dahme.de\/en\/?page_id=167\" target=\"_blank\">\n\t\t\t\t\t\t<span class=\"elementor-button-content-wrapper\">\n\t\t\t\t\t\t\t\t\t<span class=\"elementor-button-text\">Contact and booking<\/span>\n\t\t\t\t\t<\/span>\n\t\t\t\t\t<\/a>\n\t\t\t\t<\/div>\n\t\t\t\t\t\t\t\t<\/div>\n\t\t\t\t<\/div>\n\t\t\t\t\t<\/div>\n\t\t<\/div>\n\t\t\t\t<div class=\"elementor-column elementor-col-33 elementor-top-column elementor-element elementor-element-bc43518\" data-id=\"bc43518\" data-element_type=\"column\" data-e-type=\"column\">\n\t\t\t<div class=\"elementor-widget-wrap elementor-element-populated\">\n\t\t\t\t\t\t<div class=\"elementor-element elementor-element-6f79e3d elementor-align-center elementor-widget elementor-widget-button\" data-id=\"6f79e3d\" data-element_type=\"widget\" data-e-type=\"widget\" data-widget_type=\"button.default\">\n\t\t\t\t<div class=\"elementor-widget-container\">\n\t\t\t\t\t\t\t\t\t<div class=\"elementor-button-wrapper\">\n\t\t\t\t\t<a class=\"elementor-button elementor-button-link elementor-size-sm\" href=\"https:\/\/hotel-dahme.de\/en\/?page_id=148\">\n\t\t\t\t\t\t<span class=\"elementor-button-content-wrapper\">\n\t\t\t\t\t\t\t\t\t<span class=\"elementor-button-text\">More about our restaurant<\/span>\n\t\t\t\t\t<\/span>\n\t\t\t\t\t<\/a>\n\t\t\t\t<\/div>\n\t\t\t\t\t\t\t\t<\/div>\n\t\t\t\t<\/div>\n\t\t\t\t\t<\/div>\n\t\t<\/div>\n\t\t\t\t\t<\/div>\n\t\t<\/section>\n\t\t\t\t<\/div>\n\t\t","protected":false},"excerpt":{"rendered":"<p>Bicycle and motorbike tours Do you love travelling on lonely roads or paths along green meadows or fragrant fields? Ride through picturesque small towns, typical Flemish villages and stop off at quiet lakes or small, lively market squares. Relax and unwind or visit the numerous sights in the surrounding area. The Fl\u00e4ming Skate runs right &hellip; <\/p>\n<p><a href=\"https:\/\/hotel-dahme.de\/en\/bicycle-motorbike-tours\/\" class=\"more-link\">Continue reading<span class=\"screen-reader-text\"> &#8220;Bicycle and motorbike tours&#8221;<\/span> &raquo;<\/a><\/p>\n","protected":false},"author":6,"featured_media":0,"parent":0,"menu_order":0,"comment_status":"closed","ping_status":"closed","template":"","meta":{"footnotes":""},"class_list":["post-132","page","type-page","status-publish","hentry"],"yoast_head":"<!-- This site is optimized with the Yoast SEO plugin v27.2 - https:\/\/yoast.com\/product\/yoast-seo-wordpress\/ -->\n<title>Fahrrad -&amp; Motorradreisen in Dahme\/Mark am Spreewaldrand<\/title>\n<meta name=\"description\" content=\"Fahren Sie mit dem Motorrad oder Fahrrad durch malerische Kleinst\u00e4dte, typische fl\u00e4mische D\u00f6rfer vorbei an stillen Seen.\" \/>\n<meta name=\"robots\" content=\"index, follow, max-snippet:-1, max-image-preview:large, max-video-preview:-1\" \/>\n<link rel=\"canonical\" href=\"https:\/\/hotel-dahme.de\/en\/bicycle-motorbike-tours\/\" \/>\n<meta property=\"og:locale\" content=\"en_US\" \/>\n<meta property=\"og:type\" content=\"article\" \/>\n<meta property=\"og:title\" content=\"Fahrrad -&amp; Motorradreisen in Dahme\/Mark am Spreewaldrand\" \/>\n<meta property=\"og:description\" content=\"Fahren Sie mit dem Motorrad oder Fahrrad durch malerische Kleinst\u00e4dte, typische fl\u00e4mische D\u00f6rfer vorbei an stillen Seen.\" \/>\n<meta property=\"og:url\" content=\"https:\/\/hotel-dahme.de\/en\/bicycle-motorbike-tours\/\" \/>\n<meta property=\"og:site_name\" content=\"Hotel &amp; Restaurant Am Schlosspark\" \/>\n<meta property=\"article:modified_time\" content=\"2024-08-08T08:47:51+00:00\" \/>\n<meta property=\"og:image\" content=\"https:\/\/hotel-dahme.de\/wp-content\/uploads\/2024\/06\/Hotel-Dahme-Motorrrad5-1024x683.jpg\" \/>\n<meta name=\"twitter:card\" content=\"summary_large_image\" \/>\n<meta name=\"twitter:label1\" content=\"Est. reading time\" \/>\n\t<meta name=\"twitter:data1\" content=\"1 minute\" \/>\n<script type=\"application\/ld+json\" class=\"yoast-schema-graph\">{\"@context\":\"https:\/\/schema.org\",\"@graph\":[{\"@type\":\"WebPage\",\"@id\":\"https:\/\/hotel-dahme.de\/en\/bicycle-motorbike-tours\/\",\"url\":\"https:\/\/hotel-dahme.de\/en\/bicycle-motorbike-tours\/\",\"name\":\"Fahrrad -& Motorradreisen in Dahme\/Mark am Spreewaldrand\",\"isPartOf\":{\"@id\":\"https:\/\/hotel-dahme.de\/en\/#website\"},\"primaryImageOfPage\":{\"@id\":\"https:\/\/hotel-dahme.de\/en\/bicycle-motorbike-tours\/#primaryimage\"},\"image\":{\"@id\":\"https:\/\/hotel-dahme.de\/en\/bicycle-motorbike-tours\/#primaryimage\"},\"thumbnailUrl\":\"https:\/\/hotel-dahme.de\/wp-content\/uploads\/2024\/06\/Hotel-Dahme-Motorrrad5-1024x683.jpg\",\"datePublished\":\"2019-01-10T15:59:19+00:00\",\"dateModified\":\"2024-08-08T08:47:51+00:00\",\"description\":\"Fahren Sie mit dem Motorrad oder Fahrrad durch malerische Kleinst\u00e4dte, typische fl\u00e4mische D\u00f6rfer vorbei an stillen Seen.\",\"breadcrumb\":{\"@id\":\"https:\/\/hotel-dahme.de\/en\/bicycle-motorbike-tours\/#breadcrumb\"},\"inLanguage\":\"en-US\",\"potentialAction\":[{\"@type\":\"ReadAction\",\"target\":[\"https:\/\/hotel-dahme.de\/en\/bicycle-motorbike-tours\/\"]}]},{\"@type\":\"ImageObject\",\"inLanguage\":\"en-US\",\"@id\":\"https:\/\/hotel-dahme.de\/en\/bicycle-motorbike-tours\/#primaryimage\",\"url\":\"https:\/\/hotel-dahme.de\/wp-content\/uploads\/2024\/06\/Hotel-Dahme-Motorrrad5-1024x683.jpg\",\"contentUrl\":\"https:\/\/hotel-dahme.de\/wp-content\/uploads\/2024\/06\/Hotel-Dahme-Motorrrad5-1024x683.jpg\"},{\"@type\":\"BreadcrumbList\",\"@id\":\"https:\/\/hotel-dahme.de\/en\/bicycle-motorbike-tours\/#breadcrumb\",\"itemListElement\":[{\"@type\":\"ListItem\",\"position\":1,\"name\":\"Startseite\",\"item\":\"https:\/\/hotel-dahme.de\/en\/\"},{\"@type\":\"ListItem\",\"position\":2,\"name\":\"Bicycle and motorbike tours\"}]},{\"@type\":\"WebSite\",\"@id\":\"https:\/\/hotel-dahme.de\/en\/#website\",\"url\":\"https:\/\/hotel-dahme.de\/en\/\",\"name\":\"Hotel & Restaurant Am Schlosspark\",\"description\":\"Ihr 3*** Hotel im Fl\u00e4ming\",\"publisher\":{\"@id\":\"https:\/\/hotel-dahme.de\/en\/#organization\"},\"inLanguage\":\"en-US\"},{\"@type\":\"Organization\",\"@id\":\"https:\/\/hotel-dahme.de\/en\/#organization\",\"name\":\"Hotel & Restaurant Am Schlosspark\",\"url\":\"https:\/\/hotel-dahme.de\/en\/\",\"logo\":{\"@type\":\"ImageObject\",\"inLanguage\":\"en-US\",\"@id\":\"https:\/\/hotel-dahme.de\/en\/#\/schema\/logo\/image\/\",\"url\":\"https:\/\/hotel-dahme.de\/wp-content\/uploads\/2019\/01\/hotel-am-schlosspark_logo.svg\",\"contentUrl\":\"https:\/\/hotel-dahme.de\/wp-content\/uploads\/2019\/01\/hotel-am-schlosspark_logo.svg\",\"width\":1,\"height\":1,\"caption\":\"Hotel & Restaurant Am Schlosspark\"},\"image\":{\"@id\":\"https:\/\/hotel-dahme.de\/en\/#\/schema\/logo\/image\/\"}}]}<\/script>\n<!-- \/ Yoast SEO plugin. -->","yoast_head_json":{"title":"Fahrrad -& Motorradreisen in Dahme\/Mark am Spreewaldrand","description":"Fahren Sie mit dem Motorrad oder Fahrrad durch malerische Kleinst\u00e4dte, typische fl\u00e4mische D\u00f6rfer vorbei an stillen Seen.","robots":{"index":"index","follow":"follow","max-snippet":"max-snippet:-1","max-image-preview":"max-image-preview:large","max-video-preview":"max-video-preview:-1"},"canonical":"https:\/\/hotel-dahme.de\/en\/bicycle-motorbike-tours\/","og_locale":"en_US","og_type":"article","og_title":"Fahrrad -& Motorradreisen in Dahme\/Mark am Spreewaldrand","og_description":"Fahren Sie mit dem Motorrad oder Fahrrad durch malerische Kleinst\u00e4dte, typische fl\u00e4mische D\u00f6rfer vorbei an stillen Seen.","og_url":"https:\/\/hotel-dahme.de\/en\/bicycle-motorbike-tours\/","og_site_name":"Hotel &amp; Restaurant Am Schlosspark","article_modified_time":"2024-08-08T08:47:51+00:00","og_image":[{"url":"https:\/\/hotel-dahme.de\/wp-content\/uploads\/2024\/06\/Hotel-Dahme-Motorrrad5-1024x683.jpg","type":"","width":"","height":""}],"twitter_card":"summary_large_image","twitter_misc":{"Est. reading time":"1 minute"},"schema":{"@context":"https:\/\/schema.org","@graph":[{"@type":"WebPage","@id":"https:\/\/hotel-dahme.de\/en\/bicycle-motorbike-tours\/","url":"https:\/\/hotel-dahme.de\/en\/bicycle-motorbike-tours\/","name":"Fahrrad -& Motorradreisen in Dahme\/Mark am Spreewaldrand","isPartOf":{"@id":"https:\/\/hotel-dahme.de\/en\/#website"},"primaryImageOfPage":{"@id":"https:\/\/hotel-dahme.de\/en\/bicycle-motorbike-tours\/#primaryimage"},"image":{"@id":"https:\/\/hotel-dahme.de\/en\/bicycle-motorbike-tours\/#primaryimage"},"thumbnailUrl":"https:\/\/hotel-dahme.de\/wp-content\/uploads\/2024\/06\/Hotel-Dahme-Motorrrad5-1024x683.jpg","datePublished":"2019-01-10T15:59:19+00:00","dateModified":"2024-08-08T08:47:51+00:00","description":"Fahren Sie mit dem Motorrad oder Fahrrad durch malerische Kleinst\u00e4dte, typische fl\u00e4mische D\u00f6rfer vorbei an stillen Seen.","breadcrumb":{"@id":"https:\/\/hotel-dahme.de\/en\/bicycle-motorbike-tours\/#breadcrumb"},"inLanguage":"en-US","potentialAction":[{"@type":"ReadAction","target":["https:\/\/hotel-dahme.de\/en\/bicycle-motorbike-tours\/"]}]},{"@type":"ImageObject","inLanguage":"en-US","@id":"https:\/\/hotel-dahme.de\/en\/bicycle-motorbike-tours\/#primaryimage","url":"https:\/\/hotel-dahme.de\/wp-content\/uploads\/2024\/06\/Hotel-Dahme-Motorrrad5-1024x683.jpg","contentUrl":"https:\/\/hotel-dahme.de\/wp-content\/uploads\/2024\/06\/Hotel-Dahme-Motorrrad5-1024x683.jpg"},{"@type":"BreadcrumbList","@id":"https:\/\/hotel-dahme.de\/en\/bicycle-motorbike-tours\/#breadcrumb","itemListElement":[{"@type":"ListItem","position":1,"name":"Startseite","item":"https:\/\/hotel-dahme.de\/en\/"},{"@type":"ListItem","position":2,"name":"Bicycle and motorbike tours"}]},{"@type":"WebSite","@id":"https:\/\/hotel-dahme.de\/en\/#website","url":"https:\/\/hotel-dahme.de\/en\/","name":"Hotel & Restaurant Am Schlosspark","description":"Ihr 3*** Hotel im Fl\u00e4ming","publisher":{"@id":"https:\/\/hotel-dahme.de\/en\/#organization"},"inLanguage":"en-US"},{"@type":"Organization","@id":"https:\/\/hotel-dahme.de\/en\/#organization","name":"Hotel & Restaurant Am Schlosspark","url":"https:\/\/hotel-dahme.de\/en\/","logo":{"@type":"ImageObject","inLanguage":"en-US","@id":"https:\/\/hotel-dahme.de\/en\/#\/schema\/logo\/image\/","url":"https:\/\/hotel-dahme.de\/wp-content\/uploads\/2019\/01\/hotel-am-schlosspark_logo.svg","contentUrl":"https:\/\/hotel-dahme.de\/wp-content\/uploads\/2019\/01\/hotel-am-schlosspark_logo.svg","width":1,"height":1,"caption":"Hotel & Restaurant Am Schlosspark"},"image":{"@id":"https:\/\/hotel-dahme.de\/en\/#\/schema\/logo\/image\/"}}]}},"_links":{"self":[{"href":"https:\/\/hotel-dahme.de\/en\/wp-json\/wp\/v2\/pages\/132","targetHints":{"allow":["GET"]}}],"collection":[{"href":"https:\/\/hotel-dahme.de\/en\/wp-json\/wp\/v2\/pages"}],"about":[{"href":"https:\/\/hotel-dahme.de\/en\/wp-json\/wp\/v2\/types\/page"}],"author":[{"embeddable":true,"href":"https:\/\/hotel-dahme.de\/en\/wp-json\/wp\/v2\/users\/6"}],"replies":[{"embeddable":true,"href":"https:\/\/hotel-dahme.de\/en\/wp-json\/wp\/v2\/comments?post=132"}],"version-history":[{"count":19,"href":"https:\/\/hotel-dahme.de\/en\/wp-json\/wp\/v2\/pages\/132\/revisions"}],"predecessor-version":[{"id":1805,"href":"https:\/\/hotel-dahme.de\/en\/wp-json\/wp\/v2\/pages\/132\/revisions\/1805"}],"wp:attachment":[{"href":"https:\/\/hotel-dahme.de\/en\/wp-json\/wp\/v2\/media?parent=132"}],"curies":[{"name":"wp","href":"https:\/\/api.w.org\/{rel}","templated":true}]}}