{"id":1403,"date":"2024-06-19T11:35:23","date_gmt":"2024-06-19T09:35:23","guid":{"rendered":"https:\/\/www.hotel-dahme.de\/?page_id=1403"},"modified":"2024-06-19T11:35:23","modified_gmt":"2024-06-19T09:35:23","slug":"fitters-craftsmen-2","status":"publish","type":"page","link":"https:\/\/hotel-dahme.de\/en\/fitters-craftsmen-2\/","title":{"rendered":"Fitters &#038; craftsmen"},"content":{"rendered":"\t\t<div data-elementor-type=\"wp-post\" data-elementor-id=\"1403\" class=\"elementor elementor-1403\">\n\t\t\t\t\t\t<section class=\"elementor-section elementor-top-section elementor-element elementor-element-e5b3e09 elementor-section-stretched elementor-section-height-min-height elementor-section-boxed elementor-section-height-default elementor-section-items-middle\" data-id=\"e5b3e09\" data-element_type=\"section\" data-e-type=\"section\" data-settings=\"{&quot;stretch_section&quot;:&quot;section-stretched&quot;,&quot;background_background&quot;:&quot;classic&quot;}\">\n\t\t\t\t\t\t<div class=\"elementor-container elementor-column-gap-default\">\n\t\t\t\t\t<div class=\"elementor-column elementor-col-100 elementor-top-column elementor-element elementor-element-2874a32\" data-id=\"2874a32\" data-element_type=\"column\" data-e-type=\"column\">\n\t\t\t<div class=\"elementor-widget-wrap\">\n\t\t\t\t\t\t\t<\/div>\n\t\t<\/div>\n\t\t\t\t\t<\/div>\n\t\t<\/section>\n\t\t\t\t<section class=\"elementor-section elementor-top-section elementor-element elementor-element-93bb448 elementor-section-stretched elementor-section-boxed elementor-section-height-default elementor-section-height-default\" data-id=\"93bb448\" data-element_type=\"section\" data-e-type=\"section\" data-settings=\"{&quot;stretch_section&quot;:&quot;section-stretched&quot;}\">\n\t\t\t\t\t\t<div class=\"elementor-container elementor-column-gap-default\">\n\t\t\t\t\t<div class=\"elementor-column elementor-col-100 elementor-top-column elementor-element elementor-element-6309b4a\" data-id=\"6309b4a\" data-element_type=\"column\" data-e-type=\"column\">\n\t\t\t<div class=\"elementor-widget-wrap elementor-element-populated\">\n\t\t\t\t\t\t<div class=\"elementor-element elementor-element-686c652 elementor-widget elementor-widget-text-editor\" data-id=\"686c652\" data-element_type=\"widget\" data-e-type=\"widget\" data-widget_type=\"text-editor.default\">\n\t\t\t\t<div class=\"elementor-widget-container\">\n\t\t\t\t\t\t\t\t\t<h1>Unterk\u00fcnfte f\u00fcr Monteure und Handwerker in Dahme\/Mark<\/h1>\n<p>Sie suchen nach einer g\u00fcnstigen Monteurunterkunft in Dahme\/Mark? Reisende Handwerker und Monteure finden in unserem Hotel in Fl\u00e4ming eine bequeme und kosteng\u00fcnstige Unterkunft \u2013 auch f\u00fcr l\u00e4ngere Einsatzzeiten.<\/p>\n<p>Wir bieten speziell f\u00fcr Monteure ruhige Einzelzimmer an, die mit allem ausgestattet sind, was Sie f\u00fcr einen kurzen oder langen Aufenthalt ben\u00f6tigen. Neben einem Fernsehger\u00e4t steht Ihnen im gesamten Geb\u00e4ude kostenloses WLAN zur Verf\u00fcgung. Zudem gibt es einen Billardraum, in dem Sie sich vom Arbeitstag erholen k\u00f6nnen.<\/p>\n\t\t\t\t\t\t\t\t<\/div>\n\t\t\t\t<\/div>\n\t\t\t\t<section class=\"elementor-section elementor-inner-section elementor-element elementor-element-68b9308 elementor-section-boxed elementor-section-height-default elementor-section-height-default\" data-id=\"68b9308\" data-element_type=\"section\" data-e-type=\"section\">\n\t\t\t\t\t\t<div class=\"elementor-container elementor-column-gap-default\">\n\t\t\t\t\t<div class=\"elementor-column elementor-col-33 elementor-inner-column elementor-element elementor-element-9bf4f25\" data-id=\"9bf4f25\" data-element_type=\"column\" data-e-type=\"column\">\n\t\t\t<div class=\"elementor-widget-wrap elementor-element-populated\">\n\t\t\t\t\t\t<div class=\"elementor-element elementor-element-0212adb elementor-widget elementor-widget-image\" data-id=\"0212adb\" data-element_type=\"widget\" data-e-type=\"widget\" data-widget_type=\"image.default\">\n\t\t\t\t<div class=\"elementor-widget-container\">\n\t\t\t\t\t\t\t\t\t\t\t\t\t\t\t<img fetchpriority=\"high\" decoding=\"async\" width=\"750\" height=\"469\" src=\"https:\/\/hotel-dahme.de\/wp-content\/uploads\/2019\/02\/hotel-dahme-slider-mobile-billiardraum.jpg\" class=\"attachment-full size-full wp-image-345\" alt=\"Monteurunterkunft in Dahme\/Mark mit Billardraum\" srcset=\"https:\/\/hotel-dahme.de\/wp-content\/uploads\/2019\/02\/hotel-dahme-slider-mobile-billiardraum.jpg 750w, https:\/\/hotel-dahme.de\/wp-content\/uploads\/2019\/02\/hotel-dahme-slider-mobile-billiardraum-300x188.jpg 300w, https:\/\/hotel-dahme.de\/wp-content\/uploads\/2019\/02\/hotel-dahme-slider-mobile-billiardraum-482x300.jpg 482w\" sizes=\"(max-width: 750px) 100vw, 750px\" \/>\t\t\t\t\t\t\t\t\t\t\t\t\t\t\t<\/div>\n\t\t\t\t<\/div>\n\t\t\t\t\t<\/div>\n\t\t<\/div>\n\t\t\t\t<div class=\"elementor-column elementor-col-66 elementor-inner-column elementor-element elementor-element-81bf16e\" data-id=\"81bf16e\" data-element_type=\"column\" data-e-type=\"column\">\n\t\t\t<div class=\"elementor-widget-wrap elementor-element-populated\">\n\t\t\t\t\t\t<div class=\"elementor-element elementor-element-5fcc028 elementor-widget elementor-widget-text-editor\" data-id=\"5fcc028\" data-element_type=\"widget\" data-e-type=\"widget\" data-widget_type=\"text-editor.default\">\n\t\t\t\t<div class=\"elementor-widget-container\">\n\t\t\t\t\t\t\t\t\t<h2>Alles f\u00fcr Ihren Komfort<\/h2>\n<p>Unsere Monteurunterkunft verf\u00fcgt \u00fcber ein Restaurant, in dem t\u00e4glich ab 7:00 ein abwechslungsreiches Fr\u00fchst\u00fccksbuffet angerichtet wird. Falls Sie sehr fr\u00fch aufbrechen m\u00fcssen, servieren wir Ihnen nach Absprache bereits um 6:00 Uhr das Fr\u00fchst\u00fcck. Wenn Sie bei uns eine Unterkunft f\u00fcr Monteure und Handwerker buchen, stellen wir Ihnen gerne nach Bedarf ein Lunchpaket f\u00fcr die Mittagspause zusammen.<\/p>\n<p>Parkpl\u00e4tze sind am Hotel und in unmittelbarer Umgebung ausreichend vorhanden. Noch bequemer ist die Nutzung der hauseigenen Tiefgarage (kostenpflichtig).<\/p>\n\t\t\t\t\t\t\t\t<\/div>\n\t\t\t\t<\/div>\n\t\t\t\t\t<\/div>\n\t\t<\/div>\n\t\t\t\t\t<\/div>\n\t\t<\/section>\n\t\t\t\t<div class=\"elementor-element elementor-element-15c8ce9 elementor-widget elementor-widget-text-editor\" data-id=\"15c8ce9\" data-element_type=\"widget\" data-e-type=\"widget\" data-widget_type=\"text-editor.default\">\n\t\t\t\t<div class=\"elementor-widget-container\">\n\t\t\t\t\t\t\t\t\t<h2>Gruppenrabatt<\/h2>\n<p>Sollten Sie eine Monteurunterkunft in Dahme\/Mark f\u00fcr gr\u00f6\u00dfere Gruppen oder Langzeitaufenthalte ben\u00f6tigen, bieten wir einen Rabatt an. Fragen Sie nach!<\/p>\n\t\t\t\t\t\t\t\t<\/div>\n\t\t\t\t<\/div>\n\t\t\t\t\t<\/div>\n\t\t<\/div>\n\t\t\t\t\t<\/div>\n\t\t<\/section>\n\t\t\t\t<section class=\"elementor-section elementor-top-section elementor-element elementor-element-0e77ac1 elementor-section-stretched elementor-section-boxed elementor-section-height-default elementor-section-height-default\" data-id=\"0e77ac1\" data-element_type=\"section\" data-e-type=\"section\" data-settings=\"{&quot;stretch_section&quot;:&quot;section-stretched&quot;}\">\n\t\t\t\t\t\t<div class=\"elementor-container elementor-column-gap-default\">\n\t\t\t\t\t<div class=\"elementor-column elementor-col-33 elementor-top-column elementor-element elementor-element-0e73307\" data-id=\"0e73307\" data-element_type=\"column\" data-e-type=\"column\">\n\t\t\t<div class=\"elementor-widget-wrap elementor-element-populated\">\n\t\t\t\t\t\t<div class=\"elementor-element elementor-element-51929b1 elementor-align-center elementor-widget elementor-widget-button\" data-id=\"51929b1\" data-element_type=\"widget\" data-e-type=\"widget\" data-widget_type=\"button.default\">\n\t\t\t\t<div class=\"elementor-widget-container\">\n\t\t\t\t\t\t\t\t\t<div class=\"elementor-button-wrapper\">\n\t\t\t\t\t<a class=\"elementor-button elementor-button-link elementor-size-sm\" href=\"https:\/\/hotel-dahme.de\/en\/rooms-prices\/\">\n\t\t\t\t\t\t<span class=\"elementor-button-content-wrapper\">\n\t\t\t\t\t\t\t\t\t<span class=\"elementor-button-text\">Zimmertypen und Preise<\/span>\n\t\t\t\t\t<\/span>\n\t\t\t\t\t<\/a>\n\t\t\t\t<\/div>\n\t\t\t\t\t\t\t\t<\/div>\n\t\t\t\t<\/div>\n\t\t\t\t\t<\/div>\n\t\t<\/div>\n\t\t\t\t<div class=\"elementor-column elementor-col-33 elementor-top-column elementor-element elementor-element-0a7b8b5\" data-id=\"0a7b8b5\" data-element_type=\"column\" data-e-type=\"column\">\n\t\t\t<div class=\"elementor-widget-wrap elementor-element-populated\">\n\t\t\t\t\t\t<div class=\"elementor-element elementor-element-1953382 elementor-align-center elementor-widget elementor-widget-button\" data-id=\"1953382\" data-element_type=\"widget\" data-e-type=\"widget\" data-widget_type=\"button.default\">\n\t\t\t\t<div class=\"elementor-widget-container\">\n\t\t\t\t\t\t\t\t\t<div class=\"elementor-button-wrapper\">\n\t\t\t\t\t<a class=\"elementor-button elementor-button-link elementor-size-sm\" href=\"https:\/\/hotel-dahme.de\/en\/contact-directions\/\" target=\"_blank\">\n\t\t\t\t\t\t<span class=\"elementor-button-content-wrapper\">\n\t\t\t\t\t\t\t\t\t<span class=\"elementor-button-text\">Kontakt aufnehmen<\/span>\n\t\t\t\t\t<\/span>\n\t\t\t\t\t<\/a>\n\t\t\t\t<\/div>\n\t\t\t\t\t\t\t\t<\/div>\n\t\t\t\t<\/div>\n\t\t\t\t\t<\/div>\n\t\t<\/div>\n\t\t\t\t<div class=\"elementor-column elementor-col-33 elementor-top-column elementor-element elementor-element-7beee6a\" data-id=\"7beee6a\" data-element_type=\"column\" data-e-type=\"column\">\n\t\t\t<div class=\"elementor-widget-wrap elementor-element-populated\">\n\t\t\t\t\t\t<div class=\"elementor-element elementor-element-4ae49da elementor-align-center elementor-widget elementor-widget-button\" data-id=\"4ae49da\" data-element_type=\"widget\" data-e-type=\"widget\" data-widget_type=\"button.default\">\n\t\t\t\t<div class=\"elementor-widget-container\">\n\t\t\t\t\t\t\t\t\t<div class=\"elementor-button-wrapper\">\n\t\t\t\t\t<a class=\"elementor-button elementor-button-link elementor-size-sm\" href=\"https:\/\/www.booking.com\/hotel\/de\/restaurant-am-schlosspark.de.html\" target=\"_blank\">\n\t\t\t\t\t\t<span class=\"elementor-button-content-wrapper\">\n\t\t\t\t\t\t\t\t\t<span class=\"elementor-button-text\">Direktbuchung<\/span>\n\t\t\t\t\t<\/span>\n\t\t\t\t\t<\/a>\n\t\t\t\t<\/div>\n\t\t\t\t\t\t\t\t<\/div>\n\t\t\t\t<\/div>\n\t\t\t\t\t<\/div>\n\t\t<\/div>\n\t\t\t\t\t<\/div>\n\t\t<\/section>\n\t\t\t\t<\/div>\n\t\t","protected":false},"excerpt":{"rendered":"<p>Unterk\u00fcnfte f\u00fcr Monteure und Handwerker in Dahme\/Mark Sie suchen nach einer g\u00fcnstigen Monteurunterkunft in Dahme\/Mark? Reisende Handwerker und Monteure finden in unserem Hotel in Fl\u00e4ming eine bequeme und kosteng\u00fcnstige Unterkunft \u2013 auch f\u00fcr l\u00e4ngere Einsatzzeiten. Wir bieten speziell f\u00fcr Monteure ruhige Einzelzimmer an, die mit allem ausgestattet sind, was Sie f\u00fcr einen kurzen oder langen &hellip; <\/p>\n<p><a href=\"https:\/\/hotel-dahme.de\/en\/fitters-craftsmen-2\/\" class=\"more-link\">Continue reading<span class=\"screen-reader-text\"> &#8220;Fitters &#038; craftsmen&#8221;<\/span> &raquo;<\/a><\/p>\n","protected":false},"author":6,"featured_media":0,"parent":0,"menu_order":0,"comment_status":"closed","ping_status":"closed","template":"","meta":{"footnotes":""},"class_list":["post-1403","page","type-page","status-publish","hentry"],"yoast_head":"<!-- This site is optimized with the Yoast SEO plugin v27.2 - https:\/\/yoast.com\/product\/yoast-seo-wordpress\/ -->\n<title>Fitters &amp; craftsmen &#8211; Hotel &amp; Restaurant Am Schlosspark<\/title>\n<meta name=\"description\" content=\"3-star accessible, barrier-free hotel - 6 rooms equipped for wheelchair users - Enjoy the idyllic landscape 100 km south of Berlin - Book your stay online!\" \/>\n<meta name=\"robots\" content=\"index, follow, max-snippet:-1, max-image-preview:large, max-video-preview:-1\" \/>\n<link rel=\"canonical\" href=\"https:\/\/hotel-dahme.de\/en\/fitters-craftsmen-2\/\" \/>\n<meta property=\"og:locale\" content=\"en_US\" \/>\n<meta property=\"og:type\" content=\"article\" \/>\n<meta property=\"og:title\" content=\"Fitters &amp; craftsmen &#8211; Hotel &amp; Restaurant Am Schlosspark\" \/>\n<meta property=\"og:description\" content=\"3-star accessible, barrier-free hotel - 6 rooms equipped for wheelchair users - Enjoy the idyllic landscape 100 km south of Berlin - Book your stay online!\" \/>\n<meta property=\"og:url\" content=\"https:\/\/hotel-dahme.de\/en\/fitters-craftsmen-2\/\" \/>\n<meta property=\"og:site_name\" content=\"Hotel &amp; Restaurant Am Schlosspark\" \/>\n<meta property=\"og:image\" content=\"https:\/\/hotel-dahme.de\/wp-content\/uploads\/2019\/02\/hotel-dahme-slider-mobile-billiardraum.jpg\" \/>\n<meta name=\"twitter:card\" content=\"summary_large_image\" \/>\n<meta name=\"twitter:label1\" content=\"Est. reading time\" \/>\n\t<meta name=\"twitter:data1\" content=\"1 minute\" \/>\n<script type=\"application\/ld+json\" class=\"yoast-schema-graph\">{\"@context\":\"https:\/\/schema.org\",\"@graph\":[{\"@type\":\"WebPage\",\"@id\":\"https:\/\/hotel-dahme.de\/en\/fitters-craftsmen-2\/\",\"url\":\"https:\/\/hotel-dahme.de\/en\/fitters-craftsmen-2\/\",\"name\":\"Fitters & craftsmen &#8211; Hotel &amp; Restaurant Am Schlosspark\",\"isPartOf\":{\"@id\":\"https:\/\/hotel-dahme.de\/en\/#website\"},\"primaryImageOfPage\":{\"@id\":\"https:\/\/hotel-dahme.de\/en\/fitters-craftsmen-2\/#primaryimage\"},\"image\":{\"@id\":\"https:\/\/hotel-dahme.de\/en\/fitters-craftsmen-2\/#primaryimage\"},\"thumbnailUrl\":\"https:\/\/hotel-dahme.de\/wp-content\/uploads\/2019\/02\/hotel-dahme-slider-mobile-billiardraum.jpg\",\"datePublished\":\"2024-06-19T09:35:23+00:00\",\"description\":\"3-star accessible, barrier-free hotel - 6 rooms equipped for wheelchair users - Enjoy the idyllic landscape 100 km south of Berlin - Book your stay online!\",\"breadcrumb\":{\"@id\":\"https:\/\/hotel-dahme.de\/en\/fitters-craftsmen-2\/#breadcrumb\"},\"inLanguage\":\"en-US\",\"potentialAction\":[{\"@type\":\"ReadAction\",\"target\":[\"https:\/\/hotel-dahme.de\/en\/fitters-craftsmen-2\/\"]}]},{\"@type\":\"ImageObject\",\"inLanguage\":\"en-US\",\"@id\":\"https:\/\/hotel-dahme.de\/en\/fitters-craftsmen-2\/#primaryimage\",\"url\":\"https:\/\/hotel-dahme.de\/wp-content\/uploads\/2019\/02\/hotel-dahme-slider-mobile-billiardraum.jpg\",\"contentUrl\":\"https:\/\/hotel-dahme.de\/wp-content\/uploads\/2019\/02\/hotel-dahme-slider-mobile-billiardraum.jpg\"},{\"@type\":\"BreadcrumbList\",\"@id\":\"https:\/\/hotel-dahme.de\/en\/fitters-craftsmen-2\/#breadcrumb\",\"itemListElement\":[{\"@type\":\"ListItem\",\"position\":1,\"name\":\"Startseite\",\"item\":\"https:\/\/hotel-dahme.de\/en\/\"},{\"@type\":\"ListItem\",\"position\":2,\"name\":\"Fitters &#038; craftsmen\"}]},{\"@type\":\"WebSite\",\"@id\":\"https:\/\/hotel-dahme.de\/en\/#website\",\"url\":\"https:\/\/hotel-dahme.de\/en\/\",\"name\":\"Hotel & Restaurant Am Schlosspark\",\"description\":\"Ihr 3*** Hotel im Fl\u00e4ming\",\"publisher\":{\"@id\":\"https:\/\/hotel-dahme.de\/en\/#organization\"},\"inLanguage\":\"en-US\"},{\"@type\":\"Organization\",\"@id\":\"https:\/\/hotel-dahme.de\/en\/#organization\",\"name\":\"Hotel & Restaurant Am Schlosspark\",\"url\":\"https:\/\/hotel-dahme.de\/en\/\",\"logo\":{\"@type\":\"ImageObject\",\"inLanguage\":\"en-US\",\"@id\":\"https:\/\/hotel-dahme.de\/en\/#\/schema\/logo\/image\/\",\"url\":\"https:\/\/hotel-dahme.de\/wp-content\/uploads\/2019\/01\/hotel-am-schlosspark_logo.svg\",\"contentUrl\":\"https:\/\/hotel-dahme.de\/wp-content\/uploads\/2019\/01\/hotel-am-schlosspark_logo.svg\",\"width\":1,\"height\":1,\"caption\":\"Hotel & Restaurant Am Schlosspark\"},\"image\":{\"@id\":\"https:\/\/hotel-dahme.de\/en\/#\/schema\/logo\/image\/\"}}]}<\/script>\n<!-- \/ Yoast SEO plugin. -->","yoast_head_json":{"title":"Fitters & craftsmen &#8211; Hotel &amp; Restaurant Am Schlosspark","description":"3-star accessible, barrier-free hotel - 6 rooms equipped for wheelchair users - Enjoy the idyllic landscape 100 km south of Berlin - Book your stay online!","robots":{"index":"index","follow":"follow","max-snippet":"max-snippet:-1","max-image-preview":"max-image-preview:large","max-video-preview":"max-video-preview:-1"},"canonical":"https:\/\/hotel-dahme.de\/en\/fitters-craftsmen-2\/","og_locale":"en_US","og_type":"article","og_title":"Fitters & craftsmen &#8211; Hotel &amp; Restaurant Am Schlosspark","og_description":"3-star accessible, barrier-free hotel - 6 rooms equipped for wheelchair users - Enjoy the idyllic landscape 100 km south of Berlin - Book your stay online!","og_url":"https:\/\/hotel-dahme.de\/en\/fitters-craftsmen-2\/","og_site_name":"Hotel &amp; Restaurant Am Schlosspark","og_image":[{"url":"https:\/\/hotel-dahme.de\/wp-content\/uploads\/2019\/02\/hotel-dahme-slider-mobile-billiardraum.jpg","type":"","width":"","height":""}],"twitter_card":"summary_large_image","twitter_misc":{"Est. reading time":"1 minute"},"schema":{"@context":"https:\/\/schema.org","@graph":[{"@type":"WebPage","@id":"https:\/\/hotel-dahme.de\/en\/fitters-craftsmen-2\/","url":"https:\/\/hotel-dahme.de\/en\/fitters-craftsmen-2\/","name":"Fitters & craftsmen &#8211; Hotel &amp; Restaurant Am Schlosspark","isPartOf":{"@id":"https:\/\/hotel-dahme.de\/en\/#website"},"primaryImageOfPage":{"@id":"https:\/\/hotel-dahme.de\/en\/fitters-craftsmen-2\/#primaryimage"},"image":{"@id":"https:\/\/hotel-dahme.de\/en\/fitters-craftsmen-2\/#primaryimage"},"thumbnailUrl":"https:\/\/hotel-dahme.de\/wp-content\/uploads\/2019\/02\/hotel-dahme-slider-mobile-billiardraum.jpg","datePublished":"2024-06-19T09:35:23+00:00","description":"3-star accessible, barrier-free hotel - 6 rooms equipped for wheelchair users - Enjoy the idyllic landscape 100 km south of Berlin - Book your stay online!","breadcrumb":{"@id":"https:\/\/hotel-dahme.de\/en\/fitters-craftsmen-2\/#breadcrumb"},"inLanguage":"en-US","potentialAction":[{"@type":"ReadAction","target":["https:\/\/hotel-dahme.de\/en\/fitters-craftsmen-2\/"]}]},{"@type":"ImageObject","inLanguage":"en-US","@id":"https:\/\/hotel-dahme.de\/en\/fitters-craftsmen-2\/#primaryimage","url":"https:\/\/hotel-dahme.de\/wp-content\/uploads\/2019\/02\/hotel-dahme-slider-mobile-billiardraum.jpg","contentUrl":"https:\/\/hotel-dahme.de\/wp-content\/uploads\/2019\/02\/hotel-dahme-slider-mobile-billiardraum.jpg"},{"@type":"BreadcrumbList","@id":"https:\/\/hotel-dahme.de\/en\/fitters-craftsmen-2\/#breadcrumb","itemListElement":[{"@type":"ListItem","position":1,"name":"Startseite","item":"https:\/\/hotel-dahme.de\/en\/"},{"@type":"ListItem","position":2,"name":"Fitters &#038; craftsmen"}]},{"@type":"WebSite","@id":"https:\/\/hotel-dahme.de\/en\/#website","url":"https:\/\/hotel-dahme.de\/en\/","name":"Hotel & Restaurant Am Schlosspark","description":"Ihr 3*** Hotel im Fl\u00e4ming","publisher":{"@id":"https:\/\/hotel-dahme.de\/en\/#organization"},"inLanguage":"en-US"},{"@type":"Organization","@id":"https:\/\/hotel-dahme.de\/en\/#organization","name":"Hotel & Restaurant Am Schlosspark","url":"https:\/\/hotel-dahme.de\/en\/","logo":{"@type":"ImageObject","inLanguage":"en-US","@id":"https:\/\/hotel-dahme.de\/en\/#\/schema\/logo\/image\/","url":"https:\/\/hotel-dahme.de\/wp-content\/uploads\/2019\/01\/hotel-am-schlosspark_logo.svg","contentUrl":"https:\/\/hotel-dahme.de\/wp-content\/uploads\/2019\/01\/hotel-am-schlosspark_logo.svg","width":1,"height":1,"caption":"Hotel & Restaurant Am Schlosspark"},"image":{"@id":"https:\/\/hotel-dahme.de\/en\/#\/schema\/logo\/image\/"}}]}},"_links":{"self":[{"href":"https:\/\/hotel-dahme.de\/en\/wp-json\/wp\/v2\/pages\/1403","targetHints":{"allow":["GET"]}}],"collection":[{"href":"https:\/\/hotel-dahme.de\/en\/wp-json\/wp\/v2\/pages"}],"about":[{"href":"https:\/\/hotel-dahme.de\/en\/wp-json\/wp\/v2\/types\/page"}],"author":[{"embeddable":true,"href":"https:\/\/hotel-dahme.de\/en\/wp-json\/wp\/v2\/users\/6"}],"replies":[{"embeddable":true,"href":"https:\/\/hotel-dahme.de\/en\/wp-json\/wp\/v2\/comments?post=1403"}],"version-history":[{"count":1,"href":"https:\/\/hotel-dahme.de\/en\/wp-json\/wp\/v2\/pages\/1403\/revisions"}],"predecessor-version":[{"id":1404,"href":"https:\/\/hotel-dahme.de\/en\/wp-json\/wp\/v2\/pages\/1403\/revisions\/1404"}],"wp:attachment":[{"href":"https:\/\/hotel-dahme.de\/en\/wp-json\/wp\/v2\/media?parent=1403"}],"curies":[{"name":"wp","href":"https:\/\/api.w.org\/{rel}","templated":true}]}}